{"id":3963,"date":"2022-11-07T21:42:36","date_gmt":"2022-11-07T20:42:36","guid":{"rendered":"https:\/\/www.sanbao.be\/handgemaakt\/"},"modified":"2022-11-21T20:25:29","modified_gmt":"2022-11-21T19:25:29","slug":"handgemaakt","status":"publish","type":"page","link":"https:\/\/www.sanbao.be\/fr\/futons\/handgemaakt\/","title":{"rendered":"Fait \u00e0 la main"},"content":{"rendered":"\t\t<div data-elementor-type=\"wp-page\" data-elementor-id=\"3963\" class=\"elementor elementor-3963 elementor-3178\" data-elementor-post-type=\"page\">\n\t\t\t\t\t\t<section class=\"elementor-section elementor-top-section elementor-element elementor-element-789ab084 elementor-section-content-middle elementor-section-boxed elementor-section-height-default elementor-section-height-default\" data-id=\"789ab084\" data-element_type=\"section\">\n\t\t\t\t\t\t<div class=\"elementor-container elementor-column-gap-no\">\n\t\t\t\t\t<div class=\"elementor-column elementor-col-100 elementor-top-column elementor-element elementor-element-254a82c9\" data-id=\"254a82c9\" data-element_type=\"column\">\n\t\t\t<div class=\"elementor-widget-wrap elementor-element-populated\">\n\t\t\t\t\t\t<div class=\"elementor-element elementor-element-39d0ef74 elementor-view-default elementor-position-top elementor-mobile-position-top elementor-widget elementor-widget-icon-box\" data-id=\"39d0ef74\" data-element_type=\"widget\" data-widget_type=\"icon-box.default\">\n\t\t\t\t<div class=\"elementor-widget-container\">\n\t\t\t\t\t\t\t<div class=\"elementor-icon-box-wrapper\">\n\n\t\t\t\t\t\t<div class=\"elementor-icon-box-icon\">\n\t\t\t\t<span  class=\"elementor-icon\">\n\t\t\t\t<i aria-hidden=\"true\" class=\"fab fa-envira\"><\/i>\t\t\t\t<\/span>\n\t\t\t<\/div>\n\t\t\t\n\t\t\t\t\t\t<div class=\"elementor-icon-box-content\">\n\n\t\t\t\t\t\t\t\t\t<h1 class=\"elementor-icon-box-title\">\n\t\t\t\t\t\t<span  >\n\t\t\t\t\t\t\tFutons faits \u00e0 la main\t\t\t\t\t\t<\/span>\n\t\t\t\t\t<\/h1>\n\t\t\t\t\n\t\t\t\t\t\t\t\t\t<p class=\"elementor-icon-box-description\">\n\t\t\t\t\t\tEen futon is een traditionele Japanse katoenen slaapmat.\u200b\t\t\t\t\t<\/p>\n\t\t\t\t\n\t\t\t<\/div>\n\t\t\t\n\t\t<\/div>\n\t\t\t\t\t\t<\/div>\n\t\t\t\t<\/div>\n\t\t\t\t<div class=\"elementor-element elementor-element-1d344978 elementor-widget elementor-widget-text-editor\" data-id=\"1d344978\" data-element_type=\"widget\" data-widget_type=\"text-editor.default\">\n\t\t\t\t<div class=\"elementor-widget-container\">\n\t\t\t\t\t\t\t\t\t<p>Nos futons San Bao sont enti\u00e8rement artisanaux, ils sont faits \u00e0 la main, sans aucun autre mat\u00e9riel que du coton.<\/p><p>Tout en respectant l\u2019ancienne tradition Japonaise .<\/p><p>Dans une housse fabriqu\u00e9e en coton biologique nous introduisons les multiples couches de coton, les fixant ensuite \u00e0 la main \u00e0 l\u2019aide de boutons, pour en faire tenir ensemble tous les \u00e9l\u00e9ments. Nous pouvons vous adviser concernant l\u2019\u00e9paisseur de votre futon, tenant en compte votre taille et poids et le comfort demand\u00e9.<\/p><p><b><strong>Attention! Nous ne fabriquons que sur commande et nous n\u2019avons pas de stock disponible! D\u00e9lai de 2 \u00e0 3 semaines<\/strong>!<\/b><\/p>\t\t\t\t\t\t\t\t<\/div>\n\t\t\t\t<\/div>\n\t\t\t\t<section class=\"elementor-section elementor-inner-section elementor-element elementor-element-1917aac1 elementor-section-boxed elementor-section-height-default elementor-section-height-default\" data-id=\"1917aac1\" data-element_type=\"section\">\n\t\t\t\t\t\t<div class=\"elementor-container elementor-column-gap-default\">\n\t\t\t\t\t<div class=\"elementor-column elementor-col-33 elementor-inner-column elementor-element elementor-element-39688ccd\" data-id=\"39688ccd\" data-element_type=\"column\">\n\t\t\t<div class=\"elementor-widget-wrap elementor-element-populated\">\n\t\t\t\t\t\t<div class=\"elementor-element elementor-element-21493bcd elementor-cta--skin-classic elementor-animated-content elementor-bg-transform elementor-bg-transform-zoom-in elementor-widget elementor-widget-call-to-action\" data-id=\"21493bcd\" data-element_type=\"widget\" data-widget_type=\"call-to-action.default\">\n\t\t\t\t<div class=\"elementor-widget-container\">\n\t\t\t\t\t\t\t<div class=\"elementor-cta\">\n\t\t\t\t\t<div class=\"elementor-cta__bg-wrapper\">\n\t\t\t\t<div class=\"elementor-cta__bg elementor-bg\" style=\"background-image: url(https:\/\/www.sanbao.be\/wp-content\/uploads\/2022\/11\/Boekweitkafkussen-relax-San-Bao-Inge-Cox-768x510.png);\" role=\"img\" aria-label=\"Boekweitkafkussen-relax-San-Bao-Inge-Cox.png\"><\/div>\n\t\t\t\t<div class=\"elementor-cta__bg-overlay\"><\/div>\n\t\t\t<\/div>\n\t\t\t\t\t\t\t<div class=\"elementor-cta__content\">\n\t\t\t\t\n\t\t\t\t\t\t\t\t\t<h2 class=\"elementor-cta__title elementor-cta__content-item elementor-content-item\">\n\t\t\t\t\t\tApaisant\t\t\t\t\t<\/h2>\n\t\t\t\t\n\t\t\t\t\t\t\t\t\t<div class=\"elementor-cta__description elementor-cta__content-item elementor-content-item\">\n\t\t\t\t\t\tLe coton ne retient pas la chaleur et permet un sommeil id\u00e9al.\n\t\t\t\t\t<\/div>\n\t\t\t\t\n\t\t\t\t\t\t\t<\/div>\n\t\t\t\t\t\t<\/div>\n\t\t\t\t\t\t<\/div>\n\t\t\t\t<\/div>\n\t\t\t\t\t<\/div>\n\t\t<\/div>\n\t\t\t\t<div class=\"elementor-column elementor-col-33 elementor-inner-column elementor-element elementor-element-14e99dee\" data-id=\"14e99dee\" data-element_type=\"column\">\n\t\t\t<div class=\"elementor-widget-wrap elementor-element-populated\">\n\t\t\t\t\t\t<div class=\"elementor-element elementor-element-2187ed66 elementor-cta--skin-classic elementor-animated-content elementor-bg-transform elementor-bg-transform-zoom-in elementor-widget elementor-widget-call-to-action\" data-id=\"2187ed66\" data-element_type=\"widget\" data-widget_type=\"call-to-action.default\">\n\t\t\t\t<div class=\"elementor-widget-container\">\n\t\t\t\t\t\t\t<div class=\"elementor-cta\">\n\t\t\t\t\t<div class=\"elementor-cta__bg-wrapper\">\n\t\t\t\t<div class=\"elementor-cta__bg elementor-bg\" style=\"background-image: url(https:\/\/www.sanbao.be\/wp-content\/uploads\/2022\/11\/futon2018-1.jpg);\" role=\"img\" aria-label=\"futon2018.jpg\"><\/div>\n\t\t\t\t<div class=\"elementor-cta__bg-overlay\"><\/div>\n\t\t\t<\/div>\n\t\t\t\t\t\t\t<div class=\"elementor-cta__content\">\n\t\t\t\t\n\t\t\t\t\t\t\t\t\t<h2 class=\"elementor-cta__title elementor-cta__content-item elementor-content-item\">\n\t\t\t\t\t\tTraditionnel\t\t\t\t\t<\/h2>\n\t\t\t\t\n\t\t\t\t\t\t\t\t\t<div class=\"elementor-cta__description elementor-cta__content-item elementor-content-item\">\n\t\t\t\t\t\tNos futons San Bao sont enti\u00e8rement artisanaux, ils sont faits \u00e0 la main avec des noeuds sp\u00e9cials en coton.\t\t\t\t\t<\/div>\n\t\t\t\t\n\t\t\t\t\t\t\t<\/div>\n\t\t\t\t\t\t<\/div>\n\t\t\t\t\t\t<\/div>\n\t\t\t\t<\/div>\n\t\t\t\t\t<\/div>\n\t\t<\/div>\n\t\t\t\t<div class=\"elementor-column elementor-col-33 elementor-inner-column elementor-element elementor-element-32977a60\" data-id=\"32977a60\" data-element_type=\"column\">\n\t\t\t<div class=\"elementor-widget-wrap elementor-element-populated\">\n\t\t\t\t\t\t<div class=\"elementor-element elementor-element-7ea061a9 elementor-cta--skin-classic elementor-animated-content elementor-bg-transform elementor-bg-transform-zoom-in elementor-widget elementor-widget-call-to-action\" data-id=\"7ea061a9\" data-element_type=\"widget\" data-widget_type=\"call-to-action.default\">\n\t\t\t\t<div class=\"elementor-widget-container\">\n\t\t\t\t\t\t\t<div class=\"elementor-cta\">\n\t\t\t\t\t<div class=\"elementor-cta__bg-wrapper\">\n\t\t\t\t<div class=\"elementor-cta__bg elementor-bg\" style=\"background-image: url(https:\/\/www.sanbao.be\/wp-content\/uploads\/2022\/11\/Futon-massagemat3-San-Bao-Inge-Cox-768x544.jpg);\" role=\"img\" aria-label=\"Futon-massagemat3-San-Bao-Inge-Cox.jpg\"><\/div>\n\t\t\t\t<div class=\"elementor-cta__bg-overlay\"><\/div>\n\t\t\t<\/div>\n\t\t\t\t\t\t\t<div class=\"elementor-cta__content\">\n\t\t\t\t\n\t\t\t\t\t\t\t\t\t<h2 class=\"elementor-cta__title elementor-cta__content-item elementor-content-item\">\n\t\t\t\t\t\tNaturel et durable\t\t\t\t\t<\/h2>\n\t\t\t\t\n\t\t\t\t\t\t\t\t\t<div class=\"elementor-cta__description elementor-cta__content-item elementor-content-item\">\n\t\t\t\t\t\tUne vie saine et un choix durable pour des produits naturels.\n\t\t\t\t\t<\/div>\n\t\t\t\t\n\t\t\t\t\t\t\t<\/div>\n\t\t\t\t\t\t<\/div>\n\t\t\t\t\t\t<\/div>\n\t\t\t\t<\/div>\n\t\t\t\t\t<\/div>\n\t\t<\/div>\n\t\t\t\t\t<\/div>\n\t\t<\/section>\n\t\t\t\t\t<\/div>\n\t\t<\/div>\n\t\t\t\t\t<\/div>\n\t\t<\/section>\n\t\t\t\t<section class=\"elementor-section elementor-top-section elementor-element elementor-element-58b1e1cf elementor-section-stretched elementor-section-full_width elementor-section-height-default elementor-section-height-default\" data-id=\"58b1e1cf\" data-element_type=\"section\" data-settings=\"{&quot;stretch_section&quot;:&quot;section-stretched&quot;}\">\n\t\t\t\t\t\t<div class=\"elementor-container elementor-column-gap-default\">\n\t\t\t\t\t<div class=\"elementor-column elementor-col-100 elementor-top-column elementor-element elementor-element-1d0bbd9c\" data-id=\"1d0bbd9c\" data-element_type=\"column\">\n\t\t\t<div class=\"elementor-widget-wrap elementor-element-populated\">\n\t\t\t\t\t\t<div class=\"elementor-element elementor-element-59d675a elementor-widget elementor-widget-template\" data-id=\"59d675a\" data-element_type=\"widget\" data-widget_type=\"template.default\">\n\t\t\t\t<div class=\"elementor-widget-container\">\n\t\t\t\t\t\t\t<div class=\"elementor-template\">\n\t\t\t\t\t<div data-elementor-type=\"container\" data-elementor-id=\"3968\" class=\"elementor elementor-3968 elementor-2117\" data-elementor-post-type=\"elementor_library\">\n\t\t\t\t<div class=\"elementor-element elementor-element-3ad84914 e-flex e-con-boxed e-con e-parent\" data-id=\"3ad84914\" data-element_type=\"container\" data-settings=\"{&quot;background_background&quot;:&quot;classic&quot;}\">\n\t\t\t\t\t<div class=\"e-con-inner\">\n\t\t<div class=\"elementor-element elementor-element-4795d675 e-con-full e-flex e-con e-child\" data-id=\"4795d675\" data-element_type=\"container\">\n\t\t\t\t<div class=\"elementor-element elementor-element-1f58150f elementor-widget elementor-widget-heading\" data-id=\"1f58150f\" data-element_type=\"widget\" data-widget_type=\"heading.default\">\n\t\t\t\t<div class=\"elementor-widget-container\">\n\t\t\t\t\t<h1 class=\"elementor-heading-title elementor-size-default\">Beter slapen begint met een futon<\/h1>\t\t\t\t<\/div>\n\t\t\t\t<\/div>\n\t\t\t\t<div class=\"elementor-element elementor-element-204cf980 elementor-widget elementor-widget-text-editor\" data-id=\"204cf980\" data-element_type=\"widget\" data-widget_type=\"text-editor.default\">\n\t\t\t\t<div class=\"elementor-widget-container\">\n\t\t\t\t\t\t\t\t\t<p style=\"text-align: center;\"><span style=\"color: #ffffff;\">Eerste aankoop bij San Bao futons? <\/span><br \/><span style=\"color: #ffffff;\">Geef bij het afrekenen de kortingscode &lsquo; <strong><span style=\"color: #489e34;\">futonbon <\/span><\/strong>&lsquo; in, <br \/><\/span><span style=\"color: #ffffff;\">en krijg <strong>5% korting<\/strong>\u00a0op \u00e9\u00e9n futonproduct.<\/span><\/p>\t\t\t\t\t\t\t\t<\/div>\n\t\t\t\t<\/div>\n\t\t\t\t<div class=\"elementor-element elementor-element-3cb52b58 elementor-align-center elementor-widget elementor-widget-button\" data-id=\"3cb52b58\" data-element_type=\"widget\" data-widget_type=\"button.default\">\n\t\t\t\t<div class=\"elementor-widget-container\">\n\t\t\t\t\t\t\t\t\t<div class=\"elementor-button-wrapper\">\n\t\t\t\t\t<a class=\"elementor-button elementor-button-link elementor-size-sm\" href=\"https:\/\/www.sanbao.be\/shop\/product-categorie\/futons\/\">\n\t\t\t\t\t\t<span class=\"elementor-button-content-wrapper\">\n\t\t\t\t\t\t\t\t\t<span class=\"elementor-button-text\">BEKIJK ONZE FUTONS<\/span>\n\t\t\t\t\t<\/span>\n\t\t\t\t\t<\/a>\n\t\t\t\t<\/div>\n\t\t\t\t\t\t\t\t<\/div>\n\t\t\t\t<\/div>\n\t\t\t\t<\/div>\n\t\t\t\t\t<\/div>\n\t\t\t\t<\/div>\n\t\t\t\t<\/div>\n\t\t\t\t<\/div>\n\t\t\t\t\t\t<\/div>\n\t\t\t\t<\/div>\n\t\t\t\t\t<\/div>\n\t\t<\/div>\n\t\t\t\t\t<\/div>\n\t\t<\/section>\n\t\t\t\t<section class=\"elementor-section elementor-top-section elementor-element elementor-element-51fbafc3 elementor-section-content-middle elementor-section-boxed elementor-section-height-default elementor-section-height-default\" data-id=\"51fbafc3\" data-element_type=\"section\">\n\t\t\t\t\t\t<div class=\"elementor-container elementor-column-gap-no\">\n\t\t\t\t\t<div class=\"elementor-column elementor-col-50 elementor-top-column elementor-element elementor-element-7fdbb0e9\" data-id=\"7fdbb0e9\" data-element_type=\"column\">\n\t\t\t<div class=\"elementor-widget-wrap elementor-element-populated\">\n\t\t\t\t\t\t<div class=\"elementor-element elementor-element-33564b4c elementor-widget elementor-widget-image\" data-id=\"33564b4c\" data-element_type=\"widget\" data-widget_type=\"image.default\">\n\t\t\t\t<div class=\"elementor-widget-container\">\n\t\t\t\t\t\t\t\t\t\t\t\t\t\t\t<img fetchpriority=\"high\" decoding=\"async\" width=\"1022\" height=\"724\" src=\"https:\/\/www.sanbao.be\/wp-content\/uploads\/2022\/11\/Futon-massagemat3-San-Bao-Inge-Cox.jpg\" class=\"attachment-full size-full wp-image-3119\" alt=\"\" srcset=\"https:\/\/www.sanbao.be\/wp-content\/uploads\/2022\/11\/Futon-massagemat3-San-Bao-Inge-Cox.jpg 1022w, https:\/\/www.sanbao.be\/wp-content\/uploads\/2022\/11\/Futon-massagemat3-San-Bao-Inge-Cox-600x425.jpg 600w, https:\/\/www.sanbao.be\/wp-content\/uploads\/2022\/11\/Futon-massagemat3-San-Bao-Inge-Cox-300x213.jpg 300w, https:\/\/www.sanbao.be\/wp-content\/uploads\/2022\/11\/Futon-massagemat3-San-Bao-Inge-Cox-768x544.jpg 768w\" sizes=\"(max-width: 1022px) 100vw, 1022px\" \/>\t\t\t\t\t\t\t\t\t\t\t\t\t\t\t<\/div>\n\t\t\t\t<\/div>\n\t\t\t\t\t<\/div>\n\t\t<\/div>\n\t\t\t\t<div class=\"elementor-column elementor-col-50 elementor-top-column elementor-element elementor-element-78c4a755\" data-id=\"78c4a755\" data-element_type=\"column\">\n\t\t\t<div class=\"elementor-widget-wrap elementor-element-populated\">\n\t\t\t\t\t\t<div class=\"elementor-element elementor-element-25b376a4 elementor-widget elementor-widget-template\" data-id=\"25b376a4\" data-element_type=\"widget\" data-widget_type=\"template.default\">\n\t\t\t\t<div class=\"elementor-widget-container\">\n\t\t\t\t\t\t\t<div class=\"elementor-template\">\n\t\t\t\t\t<div data-elementor-type=\"container\" data-elementor-id=\"2131\" class=\"elementor elementor-2131\" data-elementor-post-type=\"elementor_library\">\n\t\t\t\t<div class=\"elementor-element elementor-element-7e7c69d9 e-flex e-con-boxed e-con e-parent\" data-id=\"7e7c69d9\" data-element_type=\"container\">\n\t\t\t\t\t<div class=\"e-con-inner\">\n\t\t\t\t<div class=\"elementor-element elementor-element-19cd89e6 elementor-widget__width-inherit elementor-widget elementor-widget-jet-testimonials\" data-id=\"19cd89e6\" data-element_type=\"widget\" data-settings=\"{&quot;slides_to_show&quot;:&quot;1&quot;,&quot;slides_to_scroll&quot;:&quot;1&quot;}\" data-widget_type=\"jet-testimonials.default\">\n\t\t\t\t<div class=\"elementor-widget-container\">\n\t\t\t\t\t<div class=\"elementor-jet-testimonials jet-elements\">\n<div class=\"jet-testimonials jet-equal-cols\">\n\t<div class=\"jet-testimonials__instance elementor-slick-slider\"data-settings='{&quot;autoplaySpeed&quot;:5000,&quot;autoplay&quot;:true,&quot;infinite&quot;:true,&quot;centerMode&quot;:false,&quot;centerPadding&quot;:&quot;50px&quot;,&quot;adaptiveHeight&quot;:true,&quot;pauseOnHover&quot;:false,&quot;speed&quot;:500,&quot;arrows&quot;:false,&quot;dots&quot;:true,&quot;slidesToScroll&quot;:1,&quot;prevArrow&quot;:&quot;.jet-testimonial__prev-arrow-19cd89e6&quot;,&quot;nextArrow&quot;:&quot;.jet-testimonial__next-arrow-19cd89e6&quot;,&quot;rtl&quot;:false}' dir=\"ltr\"><div class=\"jet-testimonials__item\">\n\t<div class=\"jet-testimonials__item-inner\">\n\t\t\t\t<div class=\"jet-testimonials__content\"><div class=\"jet-testimonials__icon\"><div class=\"jet-testimonials__icon-inner\"><i aria-hidden=\"true\" class=\"fas fa-quote-left\"><\/i><\/div><\/div><h5 class=\"jet-testimonials__title\">Heike Hora Adema<\/h5><div class=\"jet-testimonials__comment\">Ik heb vandaag de prachtige matten ontvangen! Dank voor het snelle maken en versturen. Ik ga het slapen rustig uitproberen.<br>Tot een volgende keer.<\/div><div class=\"jet-testimonials__name\"><span>Heike Hora Adema<\/span><\/div><\/div>\n\t\t\t<\/div>\n<\/div>\n\n<div class=\"jet-testimonials__item\">\n\t<div class=\"jet-testimonials__item-inner\">\n\t\t\t\t<div class=\"jet-testimonials__content\"><div class=\"jet-testimonials__icon\"><div class=\"jet-testimonials__icon-inner\"><i aria-hidden=\"true\" class=\"fas fa-quote-left\"><\/i><\/div><\/div><h5 class=\"jet-testimonials__title\">Koen van Loocke<\/h5><div class=\"jet-testimonials__comment\">Dankje! Z\u00e9\u00e9r mooi materiaal en mooi gedaan!<\/div><div class=\"jet-testimonials__name\"><span>Koen van Loocke<\/span><\/div><\/div>\n\t\t\t<\/div>\n<\/div>\n\n<div class=\"jet-testimonials__item\">\n\t<div class=\"jet-testimonials__item-inner\">\n\t\t\t\t<div class=\"jet-testimonials__content\"><div class=\"jet-testimonials__icon\"><div class=\"jet-testimonials__icon-inner\"><i aria-hidden=\"true\" class=\"fas fa-quote-left\"><\/i><\/div><\/div><h5 class=\"jet-testimonials__title\">Jan Vrielinck<\/h5><div class=\"jet-testimonials__comment\">Ik wil jullie bedanken voor de futonmatrassen.<br>Dankzij jullie matrassen lig ik terug goed.<\/div><div class=\"jet-testimonials__name\"><span>Jan Vrielinck<\/span><\/div><\/div>\n\t\t\t<\/div>\n<\/div>\n\n<div class=\"jet-testimonials__item\">\n\t<div class=\"jet-testimonials__item-inner\">\n\t\t\t\t<div class=\"jet-testimonials__content\"><h5 class=\"jet-testimonials__title\">Leen Mertens - Puur Leven<\/h5><div class=\"jet-testimonials__comment\">Mijn futon werd geleverd en heeft een mooi plekje gekregen in mijn tempel. Dankjewel voor deze zelfgemaakte, luxueuze, mooie en zeer fijne energetische futon. Ik kijk er naar uit om hier sessies op te mogen geven.<\/div><div class=\"jet-testimonials__name\"><span> Leen Mertens - Puur Leven<\/span><\/div><\/div>\n\t\t\t<\/div>\n<\/div>\n\n<\/div>\n<\/div>\n<\/div>\t\t\t\t<\/div>\n\t\t\t\t<\/div>\n\t\t\t\t\t<\/div>\n\t\t\t\t<\/div>\n\t\t<div class=\"elementor-element elementor-element-2eb5f0c e-flex e-con-boxed e-con e-parent\" data-id=\"2eb5f0c\" data-element_type=\"container\">\n\t\t\t\t\t<div class=\"e-con-inner\">\n\t\t\t\t\t<\/div>\n\t\t\t\t<\/div>\n\t\t\t\t<\/div>\n\t\t\t\t<\/div>\n\t\t\t\t\t\t<\/div>\n\t\t\t\t<\/div>\n\t\t\t\t\t<\/div>\n\t\t<\/div>\n\t\t\t\t\t<\/div>\n\t\t<\/section>\n\t\t\t\t<\/div>\n\t\t","protected":false},"excerpt":{"rendered":"<p>Futons faits \u00e0 la main Een futon is een traditionele Japanse katoenen slaapmat.\u200b Nos futons San Bao sont enti\u00e8rement artisanaux, ils sont faits \u00e0 la main, sans aucun autre mat\u00e9riel que du coton. Tout en respectant l\u2019ancienne tradition Japonaise . Dans une housse fabriqu\u00e9e en coton biologique nous introduisons les multiples couches de coton, les [&hellip;]<\/p>\n","protected":false},"author":1,"featured_media":0,"parent":4013,"menu_order":0,"comment_status":"closed","ping_status":"closed","template":"","meta":{"wds_primary_categorieen":0,"footnotes":""},"categorieen":[34],"class_list":["post-3963","page","type-page","status-publish","hentry","categorieen-futons"],"_links":{"self":[{"href":"https:\/\/www.sanbao.be\/fr\/wp-json\/wp\/v2\/pages\/3963","targetHints":{"allow":["GET"]}}],"collection":[{"href":"https:\/\/www.sanbao.be\/fr\/wp-json\/wp\/v2\/pages"}],"about":[{"href":"https:\/\/www.sanbao.be\/fr\/wp-json\/wp\/v2\/types\/page"}],"author":[{"embeddable":true,"href":"https:\/\/www.sanbao.be\/fr\/wp-json\/wp\/v2\/users\/1"}],"replies":[{"embeddable":true,"href":"https:\/\/www.sanbao.be\/fr\/wp-json\/wp\/v2\/comments?post=3963"}],"version-history":[{"count":0,"href":"https:\/\/www.sanbao.be\/fr\/wp-json\/wp\/v2\/pages\/3963\/revisions"}],"up":[{"embeddable":true,"href":"https:\/\/www.sanbao.be\/fr\/wp-json\/wp\/v2\/pages\/4013"}],"wp:attachment":[{"href":"https:\/\/www.sanbao.be\/fr\/wp-json\/wp\/v2\/media?parent=3963"}],"wp:term":[{"taxonomy":"categorieen","embeddable":true,"href":"https:\/\/www.sanbao.be\/fr\/wp-json\/wp\/v2\/categorieen?post=3963"}],"curies":[{"name":"wp","href":"https:\/\/api.w.org\/{rel}","templated":true}]}}