{"id":3983,"date":"2022-11-07T21:23:45","date_gmt":"2022-11-07T20:23:45","guid":{"rendered":"https:\/\/www.sanbao.be\/futon-dekbed\/"},"modified":"2022-11-21T20:50:06","modified_gmt":"2022-11-21T19:50:06","slug":"couette-en-coton","status":"publish","type":"page","link":"https:\/\/www.sanbao.be\/fr\/futons\/couette-en-coton\/","title":{"rendered":"Couette en Coton"},"content":{"rendered":"\t\t<div data-elementor-type=\"wp-page\" data-elementor-id=\"3983\" class=\"elementor elementor-3983 elementor-3132\" data-elementor-post-type=\"page\">\n\t\t\t\t\t\t<section class=\"elementor-section elementor-top-section elementor-element elementor-element-5b7e0e35 elementor-section-content-middle elementor-section-boxed elementor-section-height-default elementor-section-height-default\" data-id=\"5b7e0e35\" data-element_type=\"section\">\n\t\t\t\t\t\t<div class=\"elementor-container elementor-column-gap-no\">\n\t\t\t\t\t<div class=\"elementor-column elementor-col-100 elementor-top-column elementor-element elementor-element-2d36d112\" data-id=\"2d36d112\" data-element_type=\"column\">\n\t\t\t<div class=\"elementor-widget-wrap elementor-element-populated\">\n\t\t\t\t\t\t<div class=\"elementor-element elementor-element-ff869d3 elementor-view-default elementor-position-top elementor-mobile-position-top elementor-widget elementor-widget-icon-box\" data-id=\"ff869d3\" data-element_type=\"widget\" data-widget_type=\"icon-box.default\">\n\t\t\t\t<div class=\"elementor-widget-container\">\n\t\t\t\t\t\t\t<div class=\"elementor-icon-box-wrapper\">\n\n\t\t\t\t\t\t<div class=\"elementor-icon-box-icon\">\n\t\t\t\t<span  class=\"elementor-icon\">\n\t\t\t\t<i aria-hidden=\"true\" class=\"fab fa-envira\"><\/i>\t\t\t\t<\/span>\n\t\t\t<\/div>\n\t\t\t\n\t\t\t\t\t\t<div class=\"elementor-icon-box-content\">\n\n\t\t\t\t\t\t\t\t\t<h1 class=\"elementor-icon-box-title\">\n\t\t\t\t\t\t<span  >\n\t\t\t\t\t\t\tCouette en Coton\t\t\t\t\t\t<\/span>\n\t\t\t\t\t<\/h1>\n\t\t\t\t\n\t\t\t\t\t\t\t\t\t<p class=\"elementor-icon-box-description\">\n\t\t\t\t\t\tUn sommeil durable et sain tout en respectant la nature.\t\t\t\t\t<\/p>\n\t\t\t\t\n\t\t\t<\/div>\n\t\t\t\n\t\t<\/div>\n\t\t\t\t\t\t<\/div>\n\t\t\t\t<\/div>\n\t\t\t\t<div class=\"elementor-element elementor-element-4de59c41 elementor-widget elementor-widget-text-editor\" data-id=\"4de59c41\" data-element_type=\"widget\" data-widget_type=\"text-editor.default\">\n\t\t\t\t<div class=\"elementor-widget-container\">\n\t\t\t\t\t\t\t\t\t<p>Une couette en coton (couette \u00e9t\u00e9: 1\/2 couche de coton, couette hiver: 1 couche de coton) diffuse la chaleur d&rsquo;une couette \u00e0 l&rsquo;ancienne, mais n&rsquo;aura pas la l\u00e9g\u00e8ret\u00e9 des duvets en plumes.\u00a0<\/p>\t\t\t\t\t\t\t\t<\/div>\n\t\t\t\t<\/div>\n\t\t\t\t<section class=\"elementor-section elementor-inner-section elementor-element elementor-element-5aba3069 elementor-section-boxed elementor-section-height-default elementor-section-height-default\" data-id=\"5aba3069\" data-element_type=\"section\">\n\t\t\t\t\t\t<div class=\"elementor-container elementor-column-gap-default\">\n\t\t\t\t\t<div class=\"elementor-column elementor-col-33 elementor-inner-column elementor-element elementor-element-5584d518\" data-id=\"5584d518\" data-element_type=\"column\">\n\t\t\t<div class=\"elementor-widget-wrap elementor-element-populated\">\n\t\t\t\t\t\t<div class=\"elementor-element elementor-element-145c4a82 elementor-cta--skin-classic elementor-animated-content elementor-bg-transform elementor-bg-transform-zoom-in elementor-widget elementor-widget-call-to-action\" data-id=\"145c4a82\" data-element_type=\"widget\" data-widget_type=\"call-to-action.default\">\n\t\t\t\t<div class=\"elementor-widget-container\">\n\t\t\t\t\t\t\t<div class=\"elementor-cta\">\n\t\t\t\t\t<div class=\"elementor-cta__bg-wrapper\">\n\t\t\t\t<div class=\"elementor-cta__bg elementor-bg\" style=\"background-image: url(https:\/\/www.sanbao.be\/wp-content\/uploads\/2022\/11\/Schermafbeelding-2018-04-22-om-22.23.37-1.png);\" role=\"img\" aria-label=\"Schermafbeelding-2018-04-22-om-22.23.37.png\"><\/div>\n\t\t\t\t<div class=\"elementor-cta__bg-overlay\"><\/div>\n\t\t\t<\/div>\n\t\t\t\t\t\t\t<div class=\"elementor-cta__content\">\n\t\t\t\t\n\t\t\t\t\t\t\t\t\t<h2 class=\"elementor-cta__title elementor-cta__content-item elementor-content-item\">\n\t\t\t\t\t\tUn sommeil sain\u200b\t\t\t\t\t<\/h2>\n\t\t\t\t\n\t\t\t\t\t\t\t\t\t<div class=\"elementor-cta__description elementor-cta__content-item elementor-content-item\">\n\t\t\t\t\t\tLe coton est un mat\u00e9riel naturel et v\u00e9g\u00e9tal, avec des comportements r\u00e9gulateurs n\u00e9cessaires pour une qualit\u00e9 de sommeil saine et harmonieuse \u200b\t\t\t\t\t<\/div>\n\t\t\t\t\n\t\t\t\t\t\t\t<\/div>\n\t\t\t\t\t\t<\/div>\n\t\t\t\t\t\t<\/div>\n\t\t\t\t<\/div>\n\t\t\t\t\t<\/div>\n\t\t<\/div>\n\t\t\t\t<div class=\"elementor-column elementor-col-33 elementor-inner-column elementor-element elementor-element-2cad5574\" data-id=\"2cad5574\" data-element_type=\"column\">\n\t\t\t<div class=\"elementor-widget-wrap elementor-element-populated\">\n\t\t\t\t\t\t<div class=\"elementor-element elementor-element-6425fd46 elementor-cta--skin-classic elementor-animated-content elementor-bg-transform elementor-bg-transform-zoom-in elementor-widget elementor-widget-call-to-action\" data-id=\"6425fd46\" data-element_type=\"widget\" data-widget_type=\"call-to-action.default\">\n\t\t\t\t<div class=\"elementor-widget-container\">\n\t\t\t\t\t\t\t<div class=\"elementor-cta\">\n\t\t\t\t\t<div class=\"elementor-cta__bg-wrapper\">\n\t\t\t\t<div class=\"elementor-cta__bg elementor-bg\" style=\"background-image: url(https:\/\/www.sanbao.be\/wp-content\/uploads\/2022\/11\/futon-dekbed.jpg);\" role=\"img\" aria-label=\"futon-dekbed.jpg\"><\/div>\n\t\t\t\t<div class=\"elementor-cta__bg-overlay\"><\/div>\n\t\t\t<\/div>\n\t\t\t\t\t\t\t<div class=\"elementor-cta__content\">\n\t\t\t\t\n\t\t\t\t\t\t\t\t\t<h2 class=\"elementor-cta__title elementor-cta__content-item elementor-content-item\">\n\t\t\t\t\t\tTraditionnel\u200b\t\t\t\t\t<\/h2>\n\t\t\t\t\n\t\t\t\t\t\t\t\t\t<div class=\"elementor-cta__description elementor-cta__content-item elementor-content-item\">\n\t\t\t\t\t\tNos couettes San Bao sont enti\u00e8rement artisanaux et les boutons sont faits \u00e0 la main. \u200b\t\t\t\t\t<\/div>\n\t\t\t\t\n\t\t\t\t\t\t\t<\/div>\n\t\t\t\t\t\t<\/div>\n\t\t\t\t\t\t<\/div>\n\t\t\t\t<\/div>\n\t\t\t\t\t<\/div>\n\t\t<\/div>\n\t\t\t\t<div class=\"elementor-column elementor-col-33 elementor-inner-column elementor-element elementor-element-17b83b2d\" data-id=\"17b83b2d\" data-element_type=\"column\">\n\t\t\t<div class=\"elementor-widget-wrap elementor-element-populated\">\n\t\t\t\t\t\t<div class=\"elementor-element elementor-element-7e9a64ba elementor-cta--skin-classic elementor-animated-content elementor-bg-transform elementor-bg-transform-zoom-in elementor-widget elementor-widget-call-to-action\" data-id=\"7e9a64ba\" data-element_type=\"widget\" data-widget_type=\"call-to-action.default\">\n\t\t\t\t<div class=\"elementor-widget-container\">\n\t\t\t\t\t\t\t<div class=\"elementor-cta\">\n\t\t\t\t\t<div class=\"elementor-cta__bg-wrapper\">\n\t\t\t\t<div class=\"elementor-cta__bg elementor-bg\" style=\"background-image: url(https:\/\/www.sanbao.be\/wp-content\/uploads\/2022\/11\/tuin-3.jpg);\" role=\"img\" aria-label=\"tuin-3.jpg\"><\/div>\n\t\t\t\t<div class=\"elementor-cta__bg-overlay\"><\/div>\n\t\t\t<\/div>\n\t\t\t\t\t\t\t<div class=\"elementor-cta__content\">\n\t\t\t\t\n\t\t\t\t\t\t\t\t\t<h2 class=\"elementor-cta__title elementor-cta__content-item elementor-content-item\">\n\t\t\t\t\t\tNaturel et durable\u200b\t\t\t\t\t<\/h2>\n\t\t\t\t\n\t\t\t\t\t\t\t\t\t<div class=\"elementor-cta__description elementor-cta__content-item elementor-content-item\">\n\t\t\t\t\t\tUn sommeil harmonieux et pure en dessous une couette de 100% coton biologigue.\u200b\t\t\t\t\t<\/div>\n\t\t\t\t\n\t\t\t\t\t\t\t<\/div>\n\t\t\t\t\t\t<\/div>\n\t\t\t\t\t\t<\/div>\n\t\t\t\t<\/div>\n\t\t\t\t\t<\/div>\n\t\t<\/div>\n\t\t\t\t\t<\/div>\n\t\t<\/section>\n\t\t\t\t<div class=\"elementor-element elementor-element-3b4b09f4 elementor-align-center elementor-widget elementor-widget-button\" data-id=\"3b4b09f4\" data-element_type=\"widget\" data-widget_type=\"button.default\">\n\t\t\t\t<div class=\"elementor-widget-container\">\n\t\t\t\t\t\t\t\t\t<div class=\"elementor-button-wrapper\">\n\t\t\t\t\t<a class=\"elementor-button elementor-button-link elementor-size-sm\" href=\"https:\/\/www.sanbao.be\/shop\/product-categorie\/futons\/futon-dekbed\/\">\n\t\t\t\t\t\t<span class=\"elementor-button-content-wrapper\">\n\t\t\t\t\t\t\t\t\t<span class=\"elementor-button-text\">Achetez votre couette<\/span>\n\t\t\t\t\t<\/span>\n\t\t\t\t\t<\/a>\n\t\t\t\t<\/div>\n\t\t\t\t\t\t\t\t<\/div>\n\t\t\t\t<\/div>\n\t\t\t\t\t<\/div>\n\t\t<\/div>\n\t\t\t\t\t<\/div>\n\t\t<\/section>\n\t\t<div class=\"elementor-element elementor-element-5d00025f e-con-full e-flex e-con e-parent\" data-id=\"5d00025f\" data-element_type=\"container\">\n\t\t\t\t<div class=\"elementor-element elementor-element-1036acd7 elementor-widget__width-inherit elementor-widget elementor-widget-template\" data-id=\"1036acd7\" data-element_type=\"widget\" data-widget_type=\"template.default\">\n\t\t\t\t<div class=\"elementor-widget-container\">\n\t\t\t\t\t\t\t<div class=\"elementor-template\">\n\t\t\t\t\t<div data-elementor-type=\"container\" data-elementor-id=\"3968\" class=\"elementor elementor-3968 elementor-2117\" data-elementor-post-type=\"elementor_library\">\n\t\t\t\t<div class=\"elementor-element elementor-element-3ad84914 e-flex e-con-boxed e-con e-parent\" data-id=\"3ad84914\" data-element_type=\"container\" data-settings=\"{&quot;background_background&quot;:&quot;classic&quot;}\">\n\t\t\t\t\t<div class=\"e-con-inner\">\n\t\t<div class=\"elementor-element elementor-element-4795d675 e-con-full e-flex e-con e-child\" data-id=\"4795d675\" data-element_type=\"container\">\n\t\t\t\t<div class=\"elementor-element elementor-element-1f58150f elementor-widget elementor-widget-heading\" data-id=\"1f58150f\" data-element_type=\"widget\" data-widget_type=\"heading.default\">\n\t\t\t\t<div class=\"elementor-widget-container\">\n\t\t\t\t\t<h1 class=\"elementor-heading-title elementor-size-default\">Beter slapen begint met een futon<\/h1>\t\t\t\t<\/div>\n\t\t\t\t<\/div>\n\t\t\t\t<div class=\"elementor-element elementor-element-204cf980 elementor-widget elementor-widget-text-editor\" data-id=\"204cf980\" data-element_type=\"widget\" data-widget_type=\"text-editor.default\">\n\t\t\t\t<div class=\"elementor-widget-container\">\n\t\t\t\t\t\t\t\t\t<p style=\"text-align: center;\"><span style=\"color: #ffffff;\">Eerste aankoop bij San Bao futons? <\/span><br \/><span style=\"color: #ffffff;\">Geef bij het afrekenen de kortingscode &lsquo; <strong><span style=\"color: #489e34;\">futonbon <\/span><\/strong>&lsquo; in, <br \/><\/span><span style=\"color: #ffffff;\">en krijg <strong>5% korting<\/strong>\u00a0op \u00e9\u00e9n futonproduct.<\/span><\/p>\t\t\t\t\t\t\t\t<\/div>\n\t\t\t\t<\/div>\n\t\t\t\t<div class=\"elementor-element elementor-element-3cb52b58 elementor-align-center elementor-widget elementor-widget-button\" data-id=\"3cb52b58\" data-element_type=\"widget\" data-widget_type=\"button.default\">\n\t\t\t\t<div class=\"elementor-widget-container\">\n\t\t\t\t\t\t\t\t\t<div class=\"elementor-button-wrapper\">\n\t\t\t\t\t<a class=\"elementor-button elementor-button-link elementor-size-sm\" href=\"https:\/\/www.sanbao.be\/shop\/product-categorie\/futons\/\">\n\t\t\t\t\t\t<span class=\"elementor-button-content-wrapper\">\n\t\t\t\t\t\t\t\t\t<span class=\"elementor-button-text\">BEKIJK ONZE FUTONS<\/span>\n\t\t\t\t\t<\/span>\n\t\t\t\t\t<\/a>\n\t\t\t\t<\/div>\n\t\t\t\t\t\t\t\t<\/div>\n\t\t\t\t<\/div>\n\t\t\t\t<\/div>\n\t\t\t\t\t<\/div>\n\t\t\t\t<\/div>\n\t\t\t\t<\/div>\n\t\t\t\t<\/div>\n\t\t\t\t\t\t<\/div>\n\t\t\t\t<\/div>\n\t\t\t\t<\/div>\n\t\t\t\t<section class=\"elementor-section elementor-top-section elementor-element elementor-element-4709fb14 elementor-section-content-middle elementor-section-boxed elementor-section-height-default elementor-section-height-default\" data-id=\"4709fb14\" data-element_type=\"section\">\n\t\t\t\t\t\t<div class=\"elementor-container elementor-column-gap-no\">\n\t\t\t\t\t<div class=\"elementor-column elementor-col-50 elementor-top-column elementor-element elementor-element-1dfa9c2e\" data-id=\"1dfa9c2e\" data-element_type=\"column\">\n\t\t\t<div class=\"elementor-widget-wrap elementor-element-populated\">\n\t\t\t\t\t\t<div class=\"elementor-element elementor-element-22f698ba elementor-widget elementor-widget-image\" data-id=\"22f698ba\" data-element_type=\"widget\" data-widget_type=\"image.default\">\n\t\t\t\t<div class=\"elementor-widget-container\">\n\t\t\t\t\t\t\t\t\t\t\t\t\t\t\t<img fetchpriority=\"high\" decoding=\"async\" width=\"1022\" height=\"724\" src=\"https:\/\/www.sanbao.be\/wp-content\/uploads\/2022\/11\/Futon-massagemat3-San-Bao-Inge-Cox.jpg\" class=\"attachment-full size-full wp-image-3119\" alt=\"\" srcset=\"https:\/\/www.sanbao.be\/wp-content\/uploads\/2022\/11\/Futon-massagemat3-San-Bao-Inge-Cox.jpg 1022w, https:\/\/www.sanbao.be\/wp-content\/uploads\/2022\/11\/Futon-massagemat3-San-Bao-Inge-Cox-600x425.jpg 600w, https:\/\/www.sanbao.be\/wp-content\/uploads\/2022\/11\/Futon-massagemat3-San-Bao-Inge-Cox-300x213.jpg 300w, https:\/\/www.sanbao.be\/wp-content\/uploads\/2022\/11\/Futon-massagemat3-San-Bao-Inge-Cox-768x544.jpg 768w\" sizes=\"(max-width: 1022px) 100vw, 1022px\" \/>\t\t\t\t\t\t\t\t\t\t\t\t\t\t\t<\/div>\n\t\t\t\t<\/div>\n\t\t\t\t\t<\/div>\n\t\t<\/div>\n\t\t\t\t<div class=\"elementor-column elementor-col-50 elementor-top-column elementor-element elementor-element-41e30aef\" data-id=\"41e30aef\" data-element_type=\"column\">\n\t\t\t<div class=\"elementor-widget-wrap elementor-element-populated\">\n\t\t\t\t\t\t<div class=\"elementor-element elementor-element-33ee7d18 elementor-widget elementor-widget-template\" data-id=\"33ee7d18\" data-element_type=\"widget\" data-widget_type=\"template.default\">\n\t\t\t\t<div class=\"elementor-widget-container\">\n\t\t\t\t\t\t\t<div class=\"elementor-template\">\n\t\t\t\t\t<div data-elementor-type=\"container\" data-elementor-id=\"2131\" class=\"elementor elementor-2131\" data-elementor-post-type=\"elementor_library\">\n\t\t\t\t<div class=\"elementor-element elementor-element-7e7c69d9 e-flex e-con-boxed e-con e-parent\" data-id=\"7e7c69d9\" data-element_type=\"container\">\n\t\t\t\t\t<div class=\"e-con-inner\">\n\t\t\t\t<div class=\"elementor-element elementor-element-19cd89e6 elementor-widget__width-inherit elementor-widget elementor-widget-jet-testimonials\" data-id=\"19cd89e6\" data-element_type=\"widget\" data-settings=\"{&quot;slides_to_show&quot;:&quot;1&quot;,&quot;slides_to_scroll&quot;:&quot;1&quot;}\" data-widget_type=\"jet-testimonials.default\">\n\t\t\t\t<div class=\"elementor-widget-container\">\n\t\t\t\t\t<div class=\"elementor-jet-testimonials jet-elements\">\n<div class=\"jet-testimonials jet-equal-cols\">\n\t<div class=\"jet-testimonials__instance elementor-slick-slider\"data-settings='{&quot;autoplaySpeed&quot;:5000,&quot;autoplay&quot;:true,&quot;infinite&quot;:true,&quot;centerMode&quot;:false,&quot;centerPadding&quot;:&quot;50px&quot;,&quot;adaptiveHeight&quot;:true,&quot;pauseOnHover&quot;:false,&quot;speed&quot;:500,&quot;arrows&quot;:false,&quot;dots&quot;:true,&quot;slidesToScroll&quot;:1,&quot;prevArrow&quot;:&quot;.jet-testimonial__prev-arrow-19cd89e6&quot;,&quot;nextArrow&quot;:&quot;.jet-testimonial__next-arrow-19cd89e6&quot;,&quot;rtl&quot;:false}' dir=\"ltr\"><div class=\"jet-testimonials__item\">\n\t<div class=\"jet-testimonials__item-inner\">\n\t\t\t\t<div class=\"jet-testimonials__content\"><div class=\"jet-testimonials__icon\"><div class=\"jet-testimonials__icon-inner\"><i aria-hidden=\"true\" class=\"fas fa-quote-left\"><\/i><\/div><\/div><h5 class=\"jet-testimonials__title\">Heike Hora Adema<\/h5><div class=\"jet-testimonials__comment\">Ik heb vandaag de prachtige matten ontvangen! Dank voor het snelle maken en versturen. Ik ga het slapen rustig uitproberen.<br>Tot een volgende keer.<\/div><div class=\"jet-testimonials__name\"><span>Heike Hora Adema<\/span><\/div><\/div>\n\t\t\t<\/div>\n<\/div>\n\n<div class=\"jet-testimonials__item\">\n\t<div class=\"jet-testimonials__item-inner\">\n\t\t\t\t<div class=\"jet-testimonials__content\"><div class=\"jet-testimonials__icon\"><div class=\"jet-testimonials__icon-inner\"><i aria-hidden=\"true\" class=\"fas fa-quote-left\"><\/i><\/div><\/div><h5 class=\"jet-testimonials__title\">Koen van Loocke<\/h5><div class=\"jet-testimonials__comment\">Dankje! Z\u00e9\u00e9r mooi materiaal en mooi gedaan!<\/div><div class=\"jet-testimonials__name\"><span>Koen van Loocke<\/span><\/div><\/div>\n\t\t\t<\/div>\n<\/div>\n\n<div class=\"jet-testimonials__item\">\n\t<div class=\"jet-testimonials__item-inner\">\n\t\t\t\t<div class=\"jet-testimonials__content\"><div class=\"jet-testimonials__icon\"><div class=\"jet-testimonials__icon-inner\"><i aria-hidden=\"true\" class=\"fas fa-quote-left\"><\/i><\/div><\/div><h5 class=\"jet-testimonials__title\">Jan Vrielinck<\/h5><div class=\"jet-testimonials__comment\">Ik wil jullie bedanken voor de futonmatrassen.<br>Dankzij jullie matrassen lig ik terug goed.<\/div><div class=\"jet-testimonials__name\"><span>Jan Vrielinck<\/span><\/div><\/div>\n\t\t\t<\/div>\n<\/div>\n\n<div class=\"jet-testimonials__item\">\n\t<div class=\"jet-testimonials__item-inner\">\n\t\t\t\t<div class=\"jet-testimonials__content\"><h5 class=\"jet-testimonials__title\">Leen Mertens - Puur Leven<\/h5><div class=\"jet-testimonials__comment\">Mijn futon werd geleverd en heeft een mooi plekje gekregen in mijn tempel. Dankjewel voor deze zelfgemaakte, luxueuze, mooie en zeer fijne energetische futon. Ik kijk er naar uit om hier sessies op te mogen geven.<\/div><div class=\"jet-testimonials__name\"><span> Leen Mertens - Puur Leven<\/span><\/div><\/div>\n\t\t\t<\/div>\n<\/div>\n\n<\/div>\n<\/div>\n<\/div>\t\t\t\t<\/div>\n\t\t\t\t<\/div>\n\t\t\t\t\t<\/div>\n\t\t\t\t<\/div>\n\t\t<div class=\"elementor-element elementor-element-2eb5f0c e-flex e-con-boxed e-con e-parent\" data-id=\"2eb5f0c\" data-element_type=\"container\">\n\t\t\t\t\t<div class=\"e-con-inner\">\n\t\t\t\t\t<\/div>\n\t\t\t\t<\/div>\n\t\t\t\t<\/div>\n\t\t\t\t<\/div>\n\t\t\t\t\t\t<\/div>\n\t\t\t\t<\/div>\n\t\t\t\t\t<\/div>\n\t\t<\/div>\n\t\t\t\t\t<\/div>\n\t\t<\/section>\n\t\t\t\t<\/div>\n\t\t","protected":false},"excerpt":{"rendered":"<p>Couette en Coton Un sommeil durable et sain tout en respectant la nature. Une couette en coton (couette \u00e9t\u00e9: 1\/2 couche de coton, couette hiver: 1 couche de coton) diffuse la chaleur d&rsquo;une couette \u00e0 l&rsquo;ancienne, mais n&rsquo;aura pas la l\u00e9g\u00e8ret\u00e9 des duvets en plumes.\u00a0 Un sommeil sain\u200b Le coton est un mat\u00e9riel naturel et [&hellip;]<\/p>\n","protected":false},"author":1,"featured_media":0,"parent":4013,"menu_order":0,"comment_status":"closed","ping_status":"closed","template":"","meta":{"wds_primary_categorieen":0,"footnotes":""},"categorieen":[34],"class_list":["post-3983","page","type-page","status-publish","hentry","categorieen-futons"],"_links":{"self":[{"href":"https:\/\/www.sanbao.be\/fr\/wp-json\/wp\/v2\/pages\/3983","targetHints":{"allow":["GET"]}}],"collection":[{"href":"https:\/\/www.sanbao.be\/fr\/wp-json\/wp\/v2\/pages"}],"about":[{"href":"https:\/\/www.sanbao.be\/fr\/wp-json\/wp\/v2\/types\/page"}],"author":[{"embeddable":true,"href":"https:\/\/www.sanbao.be\/fr\/wp-json\/wp\/v2\/users\/1"}],"replies":[{"embeddable":true,"href":"https:\/\/www.sanbao.be\/fr\/wp-json\/wp\/v2\/comments?post=3983"}],"version-history":[{"count":0,"href":"https:\/\/www.sanbao.be\/fr\/wp-json\/wp\/v2\/pages\/3983\/revisions"}],"up":[{"embeddable":true,"href":"https:\/\/www.sanbao.be\/fr\/wp-json\/wp\/v2\/pages\/4013"}],"wp:attachment":[{"href":"https:\/\/www.sanbao.be\/fr\/wp-json\/wp\/v2\/media?parent=3983"}],"wp:term":[{"taxonomy":"categorieen","embeddable":true,"href":"https:\/\/www.sanbao.be\/fr\/wp-json\/wp\/v2\/categorieen?post=3983"}],"curies":[{"name":"wp","href":"https:\/\/api.w.org\/{rel}","templated":true}]}}