{"id":1084,"date":"2022-08-21T16:13:26","date_gmt":"2022-08-21T14:13:26","guid":{"rendered":"https:\/\/www.sanbao.be\/shop\/uncategorized\/ic-facial-cups\/"},"modified":"2024-04-25T09:59:30","modified_gmt":"2024-04-25T07:59:30","slug":"ic-facial-cups","status":"publish","type":"product","link":"https:\/\/www.sanbao.be\/fr\/shop\/kleur-lichtolien\/kleur-reeks\/diverse\/ic-facial-cups\/","title":{"rendered":"IC Facial cups"},"content":{"rendered":"<p><strong>IC Facial cups<\/strong><\/p>\n<p><b>De weldaad van Colour Vibrational Face cupping<\/b><\/p>\n<h4 class=\"title-price detail\">Set met 2 cupping-bekers van zachte silicone geschikt voor het gelaat in de maat XS &amp; S.<\/h4>\n<p class=\"title-price detail\"><strong>Materiaal: <\/strong>huidvriendelijke en veilige silicone, die ook voor fopspenen gebruikt wordt.<\/p>\n<p><b>Inhoud:<\/b><br \/>\n<span>1 x maat\u00a0<\/span><b>XS<\/b><br \/>\n<span>1 x maat\u00a0<\/span><b>S<\/b><\/p>\n<p><b>Maten:<br \/>\n<\/b>-Maat\u00a0XS: \u00d8 1,1 cm (binnenkant \u00d8 0,7 cm, buitenkant \u00d8 1,5 cm, hoogte 5 cm)<br \/>\n-Maat S: \u00d8 2,9 cm (binnenkant \u00d8 2 cm, buitenkant \u00d8 3,8 cm, hoogte 8 cm)<br \/>\n<span>De informatie over de diameter heeft betrekking op de opening van de beker, gemeten van het midden van de rand tot het midden van de tegenoverliggende rand.<\/span><\/p>\n<p><span><strong>Gebruik<\/strong>: Onderdruk ontstaat door indrukken en aanbrengen. De XS cup is zeer geschikt voor rond de ogen en lippen. De S cup kan perfect worden\u00a0gebruikt voor de rest van het gelaat en de hals.<\/span><\/p>\n<p>Cupping is afkomstig uit de Chinese geneeskunde, maar ook in Egypte en Griekenland was deze techniek ook al vroeg bekend. Ooit begon het met uitgeholde hoorns van dieren, die later werden vervangen door kommen van bamboe, en nog veel later door glazen of siliconen cups. Deze prachtige oude techniek neemt terug meer en meer zijn plaats in, in de moderne wereld van heling en schoonheid. Tegenwoordig wordt er vooral gewerkt met glazen en siliconen cups. Je plaatst de cup op de huid en door erin te knijpen wordt de huid vacu\u00fcmgetrokken. Door het cre\u00ebren van een zuigende werking op de huid en de negatieve druk gecre\u00eberd in de cup kan overtollig vocht en afvalstoffen worden afgevoerd en verklevingen worden losgemaakt. Het bindweefsel wordt gelift en de bloedtoevoer wordt opgang gebracht om spieren te voeden en stagnaties in de huid op te lossen. Hierdoor kunnen ook trauma\u2019s die zich in het lichaam hebben vastgezet vrijkomen en worden geheeld.<\/p>\n<p>Een Cuppingmassage kan aan veel behandelingen worden toevoegen. Het is een intense techniek die lichte roodheid kan geven wat heel normaal is. Ga je echt heel diep en lang op eenzelfde zone cuppen, dan kan zelfs blauw tot paars verkleuring optreden. Zover gaan wij meestal niet omdat we bijbehorende producten en hulpmiddelen zoals de Colour Light Gemstones kunnen gebruiken voor een diepgaand effect. Door eerst met de gepaste Kleur-Licht olie en eventueel de Colour Light gemstone Seleniet of kristal of licht op de blokkade te werken, ga je al opening cre\u00ebren en kun je op een zachtere manier cuppen. De verkleuring verdwijnt wel na een tijdje, dit is afhankelijk van persoon tot persoon. Op sommige plaatsen kun je het dus intenser ervaren maar na de behandeling is de ontspanning in deze zone duidelijk voelbaar. Tegelijkertijd werkt het kalmerend op het zenuwstelsel. De meeste klanten ervaren het als ontspannend en verlossend.<\/p>\n<p><strong>Voor de professional opleidingen voor cuppingstechnieken te leren:<\/strong><\/p>\n<ul>\n<li><span style=\"color: #000080;\"><a href=\"https:\/\/www.sanbao.be\/fr\/shop\/cursuscentrum\/workshop-kleur-lichtolie\/colour-vibrational-facecupping-clay-treatments\/\" style=\"color: #000080;\">Ontdek de Colour vibrational\u00a0face cupping &amp; clay btreatments<\/a><\/span><\/li>\n<li><span style=\"color: #000080;\"><a href=\"https:\/\/www.sanbao.be\/fr\/shop\/cursuscentrum\/zelfstudie-kleur-licht-olien\/gemstone-lichaamsmassages-met-kleur-geometrie-zelftudie-met-videos-2\/\" style=\"color: #000080;\">Gemstone lichaamsmassage met kleur &amp; geometrie<\/a><\/span><\/li>\n<\/ul>\n<p>&nbsp;<\/p>\n<p><strong>Vitaliseer &amp; zuiver je energiesysteem in combinatie met het lichtspectrum, de wereld van vibraties voor heling<\/strong><\/p>\n","protected":false},"excerpt":{"rendered":"<p><strong>IC Facial cups<\/strong><\/p>\n<p><b>De weldaad van Colour Vibrational Face cupping<\/b><\/p>\n<h4 class=\"title-price detail\">Set met 2 cupping-bekers van zachte silicone geschikt voor het gelaat in de maat XS &amp; S.<\/h4>\n","protected":false},"featured_media":1085,"template":"","meta":{"wds_primary_product_brand":0,"wds_primary_product_cat":0},"product_brand":[],"product_cat":[42,40,41,591,44],"product_tag":[441,423,442,130,78,79,443,82,83,85,131,132,444,133,445],"class_list":{"0":"post-1084","1":"product","2":"type-product","3":"status-publish","4":"has-post-thumbnail","6":"product_cat-therapeuten","7":"product_cat-kleur-lichtolien","8":"product_cat-kleur-reeks","9":"product_cat-diverse","10":"product_cat-kuur-reeks","11":"product_tag-clay-mask","12":"product_tag-colour-vibrational","13":"product_tag-diamant-poeder","14":"product_tag-doorstroming","15":"product_tag-energie","16":"product_tag-energiepunt","17":"product_tag-kleipoeder","18":"product_tag-kleur","19":"product_tag-licht","20":"product_tag-massage","21":"product_tag-olie","22":"product_tag-starheid","23":"product_tag-vibrational","24":"product_tag-vitaliseren","25":"product_tag-witte-klei","26":"product_shipping_class-zending-kleur-lichtolie","28":"first","29":"instock","30":"featured","31":"taxable","32":"shipping-taxable","33":"purchasable","34":"product-type-simple"},"_links":{"self":[{"href":"https:\/\/www.sanbao.be\/fr\/wp-json\/wp\/v2\/product\/1084","targetHints":{"allow":["GET"]}}],"collection":[{"href":"https:\/\/www.sanbao.be\/fr\/wp-json\/wp\/v2\/product"}],"about":[{"href":"https:\/\/www.sanbao.be\/fr\/wp-json\/wp\/v2\/types\/product"}],"wp:featuredmedia":[{"embeddable":true,"href":"https:\/\/www.sanbao.be\/fr\/wp-json\/wp\/v2\/media\/1085"}],"wp:attachment":[{"href":"https:\/\/www.sanbao.be\/fr\/wp-json\/wp\/v2\/media?parent=1084"}],"wp:term":[{"taxonomy":"product_brand","embeddable":true,"href":"https:\/\/www.sanbao.be\/fr\/wp-json\/wp\/v2\/product_brand?post=1084"},{"taxonomy":"product_cat","embeddable":true,"href":"https:\/\/www.sanbao.be\/fr\/wp-json\/wp\/v2\/product_cat?post=1084"},{"taxonomy":"product_tag","embeddable":true,"href":"https:\/\/www.sanbao.be\/fr\/wp-json\/wp\/v2\/product_tag?post=1084"}],"curies":[{"name":"wp","href":"https:\/\/api.w.org\/{rel}","templated":true}]}}