{"id":12486,"date":"2025-05-26T15:20:31","date_gmt":"2025-05-26T13:20:31","guid":{"rendered":"https:\/\/www.sanbao.be\/?post_type=product&#038;p=12486"},"modified":"2026-02-04T14:23:19","modified_gmt":"2026-02-04T13:23:19","slug":"opleiding-algenpakking-en-kleurlichttherapie-colour-algae-care","status":"publish","type":"product","link":"https:\/\/www.sanbao.be\/fr\/shop\/cursuscentrum\/workshop-kleur-lichtolie\/opleiding-algenpakking-en-kleurlichttherapie-colour-algae-care\/","title":{"rendered":"Opleiding algenpakkingen en kleurlichttherapie &#8211; Colour Algae Care"},"content":{"rendered":"<p style=\"font-weight: 400;\"><strong>Wil jij je behandelingen naar een dieper niveau tillen?<\/strong><\/p>\n<p style=\"font-weight: 400;\"><span>Combineer de kracht van\u00a0<strong>algen, plantenextracten, kleur \u00e9n licht<\/strong>\u00a0in \u00e9\u00e9n transformerende opleiding.<\/span><\/p>\n<p style=\"font-weight: 400;\"><span>In deze cursus leer je hoe je\u00a0<strong>helende algenpakkingen<\/strong>\u00a0samenstelt die niet alleen de huid verbeteren, maar ook het\u00a0<strong>energetisch evenwicht<\/strong>\u00a0van je cli\u00ebnt ondersteunen.<br \/>\nWe werken met de\u00a0<strong>Kleur-Licht oli\u00ebn van Inge Cox<\/strong>, geconcentreerde plantenextracten \u00e9n therapeutische technieken.<\/span><\/p>\n<p><strong>De kracht van natuur &amp; energetische diepgang<\/strong><\/p>\n<p>In deze opleiding ontdek je hoe je zelf op maat gemaakte behandelingen ontwikkelt met:<\/p>\n<p><strong>Algen &amp; Pakkingen:<\/strong><\/p>\n<ul>\n<li>Wat zijn algen en hoe werken ze op huid, lymfe en energie?<\/li>\n<li>Warmte pakkingen: detox, remineralisatie en activering van doorbloeding<\/li>\n<li>Tips voor maximale opname via de huid<\/li>\n<\/ul>\n<p><strong><br \/>\nKleur-Licht oli\u00ebn:<\/strong><\/p>\n<ul>\n<li>Unieke oli\u00ebn met licht-, kleur- en geometriecodering ontwikkeld door Inge Cox<\/li>\n<li>Energetische en huidgerichte werking bij stress, vermoeidheid, blokkades<\/li>\n<\/ul>\n<p><strong><br \/>\nPlantenextracten &amp; Energetica:<\/strong><\/p>\n<ul>\n<li>Werking van fucus, aloe vera, centella en andere plantenextracten<\/li>\n<li>Hoe je extracten mengt met basis- en kleur-oli\u00ebn<\/li>\n<li>Ondersteuning van bindweefsel, lymfe en vitaliteit<\/li>\n<\/ul>\n<p><strong><br \/>\nPersonaliseren van Basis voor cr\u00e8me en lotion:<\/strong><\/p>\n<p data-start=\"75\" data-end=\"466\">Onze zuivere basis voor cr\u00e8mes en lotions vormen het vertrekpunt voor een volledig gepersonaliseerde verzorging. Licht, voedend en huidvriendelijk, ontworpen om afgestemd te worden op de unieke behoeften van de persoon.<br data-start=\"275\" data-end=\"278\" \/>Je verrijkt deze basis met <strong data-start=\"305\" data-end=\"373\" data-is-only-node=\"\">botanicals, algen, geurfrequenties en Inge Cox Kleur-Licht oli\u00ebn<\/strong>, waardoor een verzorgingsproduct ontstaat dat meebeweegt met je huid, energie en levensfase. Met een <strong data-start=\"476\" data-end=\"521\">ruim overzicht aan receptuurmogelijkheden<\/strong> kan elke samenstelling gericht worden ingezet voor ontspanning, herstel, balans of vernieuwing, fysiek \u00e9n energetisch.<br data-start=\"641\" data-end=\"644\" \/>Zo wordt verzorging geen standaardproduct, maar een persoonlijk ritueel dat lichaam, geest en energie op een natuurlijke manier ondersteunt.<\/p>\n<p><strong><br \/>\nInhoud van de cursus:<\/strong><\/p>\n<ul>\n<li><span>De werking van algen op huid en lymfe<\/span><\/li>\n<li><span>Hoe kleur, geur en olie samen een ritueel vormen<\/span><\/li>\n<li><span>De helende kracht van diverse plantenextracten<\/span><\/li>\n<li><span>Hoe je op maat werkt, afgestemd op huid \u00e9n ziel<br \/>\n<\/span><\/li>\n<li>Je leert vanuit een natuurlijke basis je eigen cr\u00e8me en lotion personaliseren<\/li>\n<li><span>Hoe je met licht, klank en ritme beleving cre\u00ebert<\/span><\/li>\n<\/ul>\n<ul><\/ul>\n<p data-start=\"71\" data-end=\"240\"><strong data-start=\"71\" data-end=\"238\">Met infrarood sauna sessie en therapeutisch voetbad<\/strong><\/p>\n<p data-start=\"71\" data-end=\"240\"><strong data-start=\"71\" data-end=\"238\"><br \/>\nVoor deelname aan de cursus is het nodig om te beschikken over de Kleur-Licht olie kleurreeks en de kuurreeks.<br \/>\n<\/strong>De Kleurreeks en Kuurreeks zijn te bestellen via de webshop. Indien je deze producten al eerder hebt aangekocht, hoef je ze uiteraard niet opnieuw aan te schaffen. Laat het ons graag even weten zodat we daarmee rekening kunnen houden in de voorbereiding.<strong><br \/>\n<\/strong><\/p>\n<p style=\"font-weight: 400;\"><span><strong>\u00a0Voor wie?<\/strong><br \/>\n<\/span><span>Huidtherapeuten, schoonheidsspecialisten, lichaamswerkers, holistisch coaches\u2026<br \/>\nVoor wie voelt dat huid, lichaam \u00e9n energie \u00e9\u00e9n geheel vormen.<\/span><\/p>\n<p style=\"font-weight: 400;\"><span>\u00a0Je gaat naar huis met jouw eigen samengestelde behandeling \u00e9n een toolbox aan kennis, beleving en inspiratie.<\/span><\/p>\n<p><strong>Programma:<\/strong><\/p>\n<ul>\n<li><strong data-start=\"72\" data-end=\"94\">Basis &amp; Inzicht<br \/>\n<\/strong>Introductie in algen, hun oorsprong, verzorgende kracht en werkingsprincipes.<\/li>\n<li><strong data-start=\"176\" data-end=\"207\">Algenkennis &amp; Toepassing<br \/>\n<\/strong>Soorten algen en hun specifieke eigenschappen<br \/>\nInge Cox Colour Algae \u2013 drie unieke formules<br \/>\nContra-indicaties en veilig werken<\/li>\n<li><strong data-start=\"377\" data-end=\"408\">Behandelvormen met Algen<br \/>\n<\/strong>Algen deelpakkingen bij thema-behandelingen<br \/>\nGezichts- en haarmaskers binnen algenkuren<br \/>\nIonisch voetenbad, droogborstelen en koperen schijfmassage<br \/>\nMuziek en beleving bij algenbehandelingen<br \/>\nZeewier als inwendige ondersteuning (voeding)<\/li>\n<li><strong data-start=\"654\" data-end=\"688\">Botanicals &amp; Personalisatie<br \/>\n<\/strong>Werken met botanicals en Kleur-Licht olie<br \/>\nProductkennis, behandel- en kuurprotocollen<br \/>\nAfstemmen op huid, lichaam en energie<\/li>\n<li><strong data-start=\"893\" data-end=\"918\">Kleur &amp; Bewustzijn<br \/>\n<\/strong>Betekenis en werking van kleuren binnen Kleur-Lichttherapie<\/li>\n<li><strong data-start=\"982\" data-end=\"1016\">Bijlagen &amp; Praktische Tools<br \/>\n<\/strong>Overzichtskaarten algen en botanicals<br \/>\nProductaffiches en ondersteunend lesmateriaal<\/li>\n<\/ul>\n<p>Een transformerende\u00a0 reis met Geuren, Licht en Kleuren&#8230;&#8230;&#8230;&#8230;&#8230;&#8230;&#8230;<\/p>\n<p><strong>Begeleiding<\/strong>: Inge Cox<\/p>\n<p><strong>De behandelingen met Kleuren en geuren zijn speciaal ontwikkeld door Inge Cox om op basis van kleur-lichtcodering lichaam en geest te helen\u00a0<\/strong><\/p>\n<p><a href=\"https:\/\/www.sanbao.be\/wp-content\/uploads\/2025\/09\/Opleidingsgids-Kleur-licht-olien-2025-SAN-BAO.pdf\"><strong>DOWNLO<\/strong><strong>AD DE OPLEIDINGSGIDS<\/strong><\/a><\/p>\n","protected":false},"excerpt":{"rendered":"<p><strong><span style=\"color: #e5007d;\"><em>Cursus Algenpakkingen en Kleur-lichttherapie &#8211; Colour Algae Care &#8211; \u20ac 995<\/em><\/span><br \/>\nInclusief Algen en extracten pakket ter waarde van \u20ac329,89<br \/>\nDatum<\/strong>: <span>dag 1: 7 september 2026 &#8211; dag 2: 5 oktober 2026 &#8211; dag 3: 9 november 2026 &#8211; dag 4: 7 december 2026 10:00 &#8211; 16:00<\/span><br \/>\n<strong>Locatie<\/strong>: San Bao + online via livestream<\/p>\n","protected":false},"featured_media":12579,"template":"","meta":{"wds_primary_product_brand":0,"wds_primary_product_cat":0},"product_brand":[],"product_cat":[58,59],"product_tag":[814,818,817,209],"class_list":{"0":"post-12486","1":"product","2":"type-product","3":"status-publish","4":"has-post-thumbnail","6":"product_cat-cursuscentrum","7":"product_cat-workshop-kleur-lichtolie","8":"product_tag-algenpakking","9":"product_tag-energetica","10":"product_tag-plantenextracten","11":"product_tag-workshop-kleur-lichttherapie","12":"product_shipping_class-nvt","14":"first","15":"instock","16":"taxable","17":"shipping-taxable","18":"purchasable","19":"product-type-simple"},"_links":{"self":[{"href":"https:\/\/www.sanbao.be\/fr\/wp-json\/wp\/v2\/product\/12486","targetHints":{"allow":["GET"]}}],"collection":[{"href":"https:\/\/www.sanbao.be\/fr\/wp-json\/wp\/v2\/product"}],"about":[{"href":"https:\/\/www.sanbao.be\/fr\/wp-json\/wp\/v2\/types\/product"}],"wp:featuredmedia":[{"embeddable":true,"href":"https:\/\/www.sanbao.be\/fr\/wp-json\/wp\/v2\/media\/12579"}],"wp:attachment":[{"href":"https:\/\/www.sanbao.be\/fr\/wp-json\/wp\/v2\/media?parent=12486"}],"wp:term":[{"taxonomy":"product_brand","embeddable":true,"href":"https:\/\/www.sanbao.be\/fr\/wp-json\/wp\/v2\/product_brand?post=12486"},{"taxonomy":"product_cat","embeddable":true,"href":"https:\/\/www.sanbao.be\/fr\/wp-json\/wp\/v2\/product_cat?post=12486"},{"taxonomy":"product_tag","embeddable":true,"href":"https:\/\/www.sanbao.be\/fr\/wp-json\/wp\/v2\/product_tag?post=12486"}],"curies":[{"name":"wp","href":"https:\/\/api.w.org\/{rel}","templated":true}]}}