{"id":524,"date":"2019-11-19T07:32:48","date_gmt":"2019-11-19T06:32:48","guid":{"rendered":"https:\/\/www.sanbao.be\/shop\/uncategorized\/badzout-pure-natural600g\/"},"modified":"2024-04-24T09:38:09","modified_gmt":"2024-04-24T07:38:09","slug":"badzout-pure-natural600g","status":"publish","type":"product","link":"https:\/\/www.sanbao.be\/fr\/shop\/kleur-lichtolien\/badzout\/badzout-pure-natural600g\/","title":{"rendered":"Badzout Pure natural Puur en Zen genieten 600g"},"content":{"rendered":"<p>Het badzout <strong>Pure natural<\/strong> is een natuurlijk badzout<strong> zonder<\/strong> essenti\u00eble oli\u00ebn voor de pure beleving. Indien gewenst kun je zelf essenti\u00eble oli\u00ebn toevoegen naar keuze voor een extra diepgaand effect en een unieke geurbeleving. De <strong>biologische gedroogde bloemen<\/strong> die zijn toegevoegd zorgen voor een extra romantisch effect. Ervaar de energieke werking van dit badzout voor een frisse en stralende huid.<\/p>\n<ul>\n<li>De <strong>mineralen<\/strong> zijn onmisbaar voor een mooie huid<\/li>\n<li>De <strong>geuren<\/strong> stimuleren je zintuigen.<\/li>\n<li>De <strong>kleurvibraties &amp; kristalenergie<\/strong> die inwerken op de<strong> huid,\u00a0 energie <\/strong>en<strong> gevoel.<\/strong><\/li>\n<\/ul>\n<p>&nbsp;<\/p>\n<p><strong><em>Deze combinatie laat je lichaam intens genieten, je geest ontspannen en je energie toenemen<\/em><\/strong><\/p>\n<ul>\n<li><strong>Lichaam<\/strong> : om in puurheid je eigen kracht te herwinnen<\/li>\n<li><strong>Feeling<\/strong> : puur en zen genieten<\/li>\n<\/ul>\n<p>&nbsp;<\/p>\n<p><strong>De heilzame voordelen<br \/>\n<\/strong>De gewoonte om zout toe te voegen aan je badwater of je huid te helen met een scrubzout werd eeuwen geleden al toegepast om de gezondheid te bevorderen. Het Himalaya zout in combinatie met magnesiumzout (magnesiumsulphate heptahydraat) zorgt voor een natuurlijke reiniging door toxines in de huid te elimineren. De pori\u00ebn zijn hierdoor weer vrij om mineralen te absorberen. Het helpt de circulatie verbeteren en de spieren ontspannen.<\/p>\n<p><strong>Hoe te gebruiken<br \/>\n<\/strong><strong>(Voet)Bad: <\/strong>Voeg 25-50 gram toe aan je voetbad, of\u00a0 50 tot 100 gram toe aan je badwater van 36-38\u00b0C voor een heerlijk ontspannend effect en een zachte huid. Doe dit 1 \u00e0 2 keer per week om je lichaam en geest in balans te brengen.<\/p>\n<p><strong>Ingredi\u00ebnten<\/strong>:<br \/>\nHimalayazout grof, magnesiumzout (magnesiumsulphate heptahydraat), biologische bloemen van oranjebloesem, lavendel en goudsbloem.<\/p>\n<p><strong>Waarschuwing<br \/>\n<\/strong>Niet gebruiken bij baby\u2019s, tijdens de zwangerschap en borstvoedingsperiode,\u00a0 en bij een beschadigde huid.<\/p>\n<p><em><strong>Tover je dagelijkse verzorging om in een persoonlijk me time moment waarbij je energie in balans wordt gebracht<\/strong><\/em><\/p>\n","protected":false},"excerpt":{"rendered":"<p>A touch of colour, zoutkristallen en pure beleving voor je lichaam.<\/p>\n<p><strong>Puur je eigen kracht herwinnen<\/strong><\/p>\n<p>Laat je betoveren door de magische kracht van zoutkristallen, verrijkt met bloemen en ervaar de helende eigenschappen van een pure beleving.<\/p>\n<p>Luxe glazen pot.<\/p>\n","protected":false},"featured_media":525,"template":"","meta":{"wds_primary_product_brand":0,"wds_primary_product_cat":0},"product_brand":[],"product_cat":[42,40,57],"product_tag":[173,174,103,175,176,78,178,179,82,159,180,83,160,161,190,91,181,191,192,182,183,184,165,193],"class_list":{"0":"post-524","1":"product","2":"type-product","3":"status-publish","4":"has-post-thumbnail","6":"product_cat-therapeuten","7":"product_cat-kleur-lichtolien","8":"product_cat-badzout","9":"product_tag-bad","10":"product_tag-badzout","11":"product_tag-balans","12":"product_tag-biologisch","13":"product_tag-bloemen","14":"product_tag-energie","15":"product_tag-goudsbloem","16":"product_tag-himalayazout","17":"product_tag-kleur","18":"product_tag-kleurvibraties","19":"product_tag-lavendel","20":"product_tag-licht","21":"product_tag-magnesiumzout","22":"product_tag-mineralen","23":"product_tag-natural","24":"product_tag-ontspanning","25":"product_tag-oranjebloesem","26":"product_tag-pure","27":"product_tag-puur","28":"product_tag-qi","29":"product_tag-verzorging","30":"product_tag-voetbad","31":"product_tag-welness","32":"product_tag-zen","33":"product_shipping_class-zending-kleur-lichtolie","35":"first","36":"instock","37":"taxable","38":"shipping-taxable","39":"purchasable","40":"product-type-simple"},"_links":{"self":[{"href":"https:\/\/www.sanbao.be\/fr\/wp-json\/wp\/v2\/product\/524","targetHints":{"allow":["GET"]}}],"collection":[{"href":"https:\/\/www.sanbao.be\/fr\/wp-json\/wp\/v2\/product"}],"about":[{"href":"https:\/\/www.sanbao.be\/fr\/wp-json\/wp\/v2\/types\/product"}],"wp:featuredmedia":[{"embeddable":true,"href":"https:\/\/www.sanbao.be\/fr\/wp-json\/wp\/v2\/media\/525"}],"wp:attachment":[{"href":"https:\/\/www.sanbao.be\/fr\/wp-json\/wp\/v2\/media?parent=524"}],"wp:term":[{"taxonomy":"product_brand","embeddable":true,"href":"https:\/\/www.sanbao.be\/fr\/wp-json\/wp\/v2\/product_brand?post=524"},{"taxonomy":"product_cat","embeddable":true,"href":"https:\/\/www.sanbao.be\/fr\/wp-json\/wp\/v2\/product_cat?post=524"},{"taxonomy":"product_tag","embeddable":true,"href":"https:\/\/www.sanbao.be\/fr\/wp-json\/wp\/v2\/product_tag?post=524"}],"curies":[{"name":"wp","href":"https:\/\/api.w.org\/{rel}","templated":true}]}}