{"id":677,"date":"2020-04-10T05:00:33","date_gmt":"2020-04-10T03:00:33","guid":{"rendered":"https:\/\/www.sanbao.be\/shop\/uncategorized\/workshop-ontdek-de-essentie-van-kleurmassage-sept\/"},"modified":"2026-02-16T10:36:56","modified_gmt":"2026-02-16T09:36:56","slug":"ontdek-de-essentie-van-kleurmassage-aug","status":"publish","type":"product","link":"https:\/\/www.sanbao.be\/fr\/shop\/cursuscentrum\/workshop-kleur-lichtolie\/ontdek-de-essentie-van-kleurmassage-aug\/","title":{"rendered":"Ontdek de essentie van kleurmassage (aug)"},"content":{"rendered":"<h2><strong>Ontdek de Kracht van Kleur-Licht oli\u00ebn: Harmonie tussen Lichaam, Geest en Ziel<\/strong><\/h2>\n<p>In deze inspirerende workshop laten we de kracht van Kleur-Licht oli\u00ebn tot leven komen. Verrijkt met Gekleurd Licht, kristalenergie en Geometrie, brengen deze oli\u00ebn een diepe verbinding tussen lichaam, gevoel en intu\u00eftie tot stand.<\/p>\n<p>Tijdens deze introductie ontdek je hoe energieblokkades in het lichaam de harmonieuze verbinding tussen gevoel, emotie en intu\u00eftie verstoren. Vergelijk het met roeien tegen de stroom in; kleine dagelijkse schommelingen kunnen ons uit balans brengen. Maar wat we voelen is geen toeval. Waar vertrouw je op bij het maken van keuzes? Wat onderscheidt gevoel, intu\u00eftie en emotie?<\/p>\n<p>Je leert om vanuit je innerlijke gevoel de energie van je lichaam te interpreteren en deze te verbinden met de juiste kleurkwaliteit. Door vervolgens de bijpassende Kleur-Licht olie op acupunctuurpunten\/zones te masseren, bevrijd je de geblokkeerde energie en laat je deze weer vrij stromen.<\/p>\n<p>Deze workshop biedt een impuls die lichaam, ziel en geest raakt, en bijdraagt aan bewustwording, het loslaten van spanningen en belemmerende levenspatronen. De techniek is eenvoudig, makkelijk toe te passen en kan op elk moment worden ingezet &#8211; of je nu op het werk bent, bij vrienden of familie, voorafgaand aan een sport- of yogasessie. Met een verscheidenheid aan Kleur-Licht oli\u00ebn die je helpen contact te maken met je essentie en jouw unieke kwaliteiten te stimuleren, cre\u00eber je vreugde, passie en gezondheid in slechts enkele minuten per dag.<\/p>\n<p><strong>Inhoud van de cursus:<\/strong><\/p>\n<ul>\n<li>Ontdekking van energieblokkades en hun impact<\/li>\n<li>Interpretatie van lichaamsenergie in relatie tot gevoel, intu\u00eftie en emotie<\/li>\n<li>Overzicht toepassing van Kleur-Licht oli\u00ebn op acupunctuurpunten\/zones<\/li>\n<li>Lijsten gevoelens<\/li>\n<li>Protocol in essentie komen<\/li>\n<li>Stappenplan Essentie kleurmassage<\/li>\n<\/ul>\n<ul><\/ul>\n<p><strong>Programma:<\/strong><\/p>\n<ul>\n<li><strong>Inleiding<\/strong>: Laat de Kleur-kwaliteit in je lichaam werkzaam worden.<br \/>\nOntdek de kracht van Kleur-Licht oli\u00ebn, doordrenkt met Gekleurd Licht, Kristallen en Geometrie.<\/li>\n<li><strong>Energieharmonie: Overwin blokkades en cre\u00eber verbinding<br \/>\n<\/strong>Leer hoe energieblokkades in je lichaam je kunnen hinderen bij het harmonieus verbinden van gevoel, emotie en intu\u00eftie.<br \/>\nVergelijk het met roeien tegen de stroom in en begrijp hoe dagelijkse ervaringen kleine energieschommelingen kunnen veroorzaken.<\/li>\n<li><strong>Bewustwording en Balans: Ontdek het verschil tussen gevoel, intu\u00eftie en emotie<br \/>\n<\/strong>Vertrouw op je innerlijke kompas bij het maken van keuzes en begrijp de subtiele verschillen tussen gevoel, intu\u00eftie en emotie.<\/li>\n<li><strong>Praktijkworkshop: Vertaal gevoel naar energie en breng balans<br \/>\n<\/strong>Leer de taal van je lichaam begrijpen en gebruik de juiste woorden met kleurkwaliteit.<br \/>\nOntdek hoe je Kleur-Lichtolie kunt toepassen op acupunctuurpunten\/zones voor vrije energiestroming.<\/li>\n<li><strong>Bewuste Toepassing<\/strong>: Integreer Kleur-Licht oli\u00ebn in je dagelijks leven Ervaar de impact van Kleur-Licht oli\u00ebn op lichaam, ziel en geest.<br \/>\nLeer eenvoudige technieken voor bewustwording, het loslaten van spanningen en het doorbreken van belemmerende levenspatronen.<\/li>\n<li><strong>Dagelijkse Toepassing: Vreugde, passie en gezondheid in enkele minuten<br \/>\n<\/strong>Ontdek hoe je in elke situatie Kleur-Licht oli\u00ebn kunt toepassen: op het werk, met vrienden of familie, voor of tijdens sport- of yogasessies.<br \/>\nKies de juiste Kleur-Licht olie om behoeften en kernkwaliteiten te stimuleren en leid een leven vol vreugde en vertrouwen.<\/li>\n<\/ul>\n<p>&nbsp;<\/p>\n<p><strong>Cre\u00eber vreugde, passie en gezondheid iedere dag in slechts enkele minuten.<\/strong><\/p>\n<p><strong>Begeleiding<\/strong>: Inge Cox<\/p>\n<p><strong>De behandelingen met Kleuren en geuren zijn speciaal ontwikkeld door Inge Cox om op basis van kleur-lichtcodering lichaam en geest te helen\u00a0<\/strong><\/p>\n<p><a href=\"https:\/\/www.sanbao.be\/wp-content\/uploads\/2025\/09\/Opleidingsgids-Kleur-licht-olien-2025-SAN-BAO.pdf\"><strong>DOWNLOAD DE OPLEIDINGSGIDS<\/strong><\/a><\/p>\n","protected":false},"excerpt":{"rendered":"<div><strong><span style=\"color: #e5007d;\"><em>Workshop Kleur-lichtolie &#8211; \u20ac 125<\/em><\/span><br \/>\nDatum<\/strong>: 25 augustus\u00a0 2026 10:00 &#8211; 16:00<\/div>\n<div><strong>Locatie<\/strong>: San Bao + online via livestream + video&rsquo;s<\/div>\n","protected":false},"featured_media":9278,"template":"","meta":{"wds_primary_product_brand":0,"wds_primary_product_cat":0},"product_brand":[],"product_cat":[58,59],"product_tag":[209,244],"class_list":{"0":"post-677","1":"product","2":"type-product","3":"status-publish","4":"has-post-thumbnail","6":"product_cat-cursuscentrum","7":"product_cat-workshop-kleur-lichtolie","8":"product_tag-workshop-kleur-lichttherapie","9":"product_tag-workshop-kleurmassage","10":"product_shipping_class-nvt","12":"first","13":"instock","14":"taxable","15":"shipping-taxable","16":"purchasable","17":"product-type-simple"},"_links":{"self":[{"href":"https:\/\/www.sanbao.be\/fr\/wp-json\/wp\/v2\/product\/677","targetHints":{"allow":["GET"]}}],"collection":[{"href":"https:\/\/www.sanbao.be\/fr\/wp-json\/wp\/v2\/product"}],"about":[{"href":"https:\/\/www.sanbao.be\/fr\/wp-json\/wp\/v2\/types\/product"}],"wp:featuredmedia":[{"embeddable":true,"href":"https:\/\/www.sanbao.be\/fr\/wp-json\/wp\/v2\/media\/9278"}],"wp:attachment":[{"href":"https:\/\/www.sanbao.be\/fr\/wp-json\/wp\/v2\/media?parent=677"}],"wp:term":[{"taxonomy":"product_brand","embeddable":true,"href":"https:\/\/www.sanbao.be\/fr\/wp-json\/wp\/v2\/product_brand?post=677"},{"taxonomy":"product_cat","embeddable":true,"href":"https:\/\/www.sanbao.be\/fr\/wp-json\/wp\/v2\/product_cat?post=677"},{"taxonomy":"product_tag","embeddable":true,"href":"https:\/\/www.sanbao.be\/fr\/wp-json\/wp\/v2\/product_tag?post=677"}],"curies":[{"name":"wp","href":"https:\/\/api.w.org\/{rel}","templated":true}]}}